{"id":148,"date":"2023-04-26T03:01:29","date_gmt":"2023-04-26T03:01:29","guid":{"rendered":"https:\/\/hotelmontserratplaza.com\/?page_id=148"},"modified":"2024-12-28T23:27:20","modified_gmt":"2024-12-28T23:27:20","slug":"donde-cenar-en-monterrey","status":"publish","type":"page","link":"https:\/\/hotelmontserratplaza.com\/index.php\/donde-cenar-en-monterrey\/","title":{"rendered":"Donde Cenar en Monterrey Casanare?"},"content":{"rendered":"\n<h1>\u00bfDonde cenar en Monterrey Casanare?<\/h1>\n\n\n\n<p>Monterrey cuenta con  oferta gastron\u00f3mica para disfrutar de una cena ligera o comida rapida. A continuaci\u00f3n les compartimos algunas opciones.<\/p>\n\n\n\n<ol><li><strong>De La Casa &#8211; Sabor Artesanal<\/strong><\/li><\/ol>\n\n\n\n<p>C\u00f3mo llegar: <a href=\"https:\/\/www.google.com\/maps\/dir\/\/Cl.+18+%23No.+13+-+05,+Monterrey,+Casanare\/data=!4m6!4m5!1m1!4e2!1m2!1m1!1s0x8e6ad319b09be25d:0x9594b966c7649430?entry=s&amp;sa=X\">https:\/\/www.google.com\/maps\/dir\/\/Cl.+18+%23No.+13+-+05,+Monterrey,+Casanare\/data=!4m6!4m5!1m1!4e2!1m2!1m1!1s0x8e6ad319b09be25d:0x9594b966c7649430?entry=s&amp;sa=X<\/a>&nbsp;<\/p>\n\n\n\n<p>Domicilios: 3223345553&nbsp;<\/p>\n\n\n\n<p>Redes Sociales: <a href=\"https:\/\/www.instagram.com\/delacasa_saborartesanal?igsh=ODQwZ3llNDU2ZHUy\">https:\/\/www.instagram.com\/delacasa_saborartesanal?igsh=ODQwZ3llNDU2ZHUy<\/a>&nbsp;<\/p>\n\n\n\n<p>Comida r\u00e1pida preparada con ingredientes frescos y de muy alta calidad.<\/p>\n\n\n\n<ol start=\"2\"><li><strong>La Martina<\/strong><\/li><\/ol>\n\n\n\n<p>C\u00f3mo llegar:&nbsp; <a href=\"https:\/\/maps.app.goo.gl\/gzNQyXeSgVHov8Dj6?g_st=ic\">https:\/\/maps.app.goo.gl\/gzNQyXeSgVHov8Dj6?g_st=ic<\/a>&nbsp;<\/p>\n\n\n\n<p>Domicilios: 3208357739<\/p>\n\n\n\n<p>Redes Sociales: <a href=\"https:\/\/www.instagram.com\/lamartinamonterrey?igsh=MXhyZWw5ejk3czA5cQ==\">https:\/\/www.instagram.com\/lamartinamonterrey?igsh=MXhyZWw5ejk3czA5cQ==<\/a>&nbsp;<\/p>\n\n\n\n<p>Mazorcadas, alitas, pizzas, patacones.<\/p>\n\n\n\n<ol start=\"3\"><li><strong>La chulada<\/strong><\/li><\/ol>\n\n\n\n<p>C\u00f3mo llegar:&nbsp; <a href=\"https:\/\/www.google.com\/maps?um=1&amp;ie=UTF-8&amp;fb=1&amp;gl=co&amp;sa=X&amp;geocode=KYcC15AO02qOMeaGJcCLirbd&amp;daddr=Calle+5%2310c+06+barrio+Ol%C3%ADmpico,+Monterrey,+Casanare\">https:\/\/www.google.com\/maps?um=1&amp;ie=UTF-8&amp;fb=1&amp;gl=co&amp;sa=X&amp;geocode=KYcC15AO02qOMeaGJcCLirbd&amp;daddr=Calle+5%2310c+06+barrio+Ol%C3%ADmpico,+Monterrey,+Casanare<\/a>&nbsp;<\/p>\n\n\n\n<p>Domicilios: 3102940909<\/p>\n\n\n\n<p>Redes Sociales: <a href=\"https:\/\/www.instagram.com\/lachuladafastfoodmonterrey?igsh=cXQzdGhzdnF2M2tr\">https:\/\/www.instagram.com\/lachuladafastfoodmonterrey?igsh=cXQzdGhzdnF2M2tr<\/a>&nbsp;<\/p>\n\n\n\n<ol start=\"4\"><li><strong>El Broche<\/strong><\/li><\/ol>\n\n\n\n<p>C\u00f3mo llegar:&nbsp; <a href=\"https:\/\/www.google.com\/maps\/dir\/Hotel+en+Monterrey+Casanare+%7C+Montserrat+Plaza,+Monterrey,+Casanare\/el+broche+monterrey\/@4.8803202,-72.8968377,18.28z\/data=!4m13!4m12!1m5!1m1!1s0x8e6ad279a7005477:0x9e0d7b54d17dff23!2m2!1d-72.8949618!2d4.8846292!1m5!1m1!1s0x8e6ad27938545277:0xd50cba3e8fca96b2!2m2!1d-72.8951709!2d4.8806922?entry=ttu&amp;g_ep=EgoyMDI0MTIxMS4wIKXMDSoASAFQAw%3D%3D\">https:\/\/www.google.com\/maps\/dir\/Hotel+en+Monterrey+Casanare+%7C+Montserrat+Plaza,+Monterrey,+Casanare\/el+broche+monterrey\/@4.8803202,-72.8968377,18.28z\/data=!4m13!4m12!1m5!1m1!1s0x8e6ad279a7005477:0x9e0d7b54d17dff23!2m2!1d-72.8949618!2d4.8846292!1m5!1m1!1s0x8e6ad27938545277:0xd50cba3e8fca96b2!2m2!1d-72.8951709!2d4.8806922?entry=ttu&amp;g_ep=EgoyMDI0MTIxMS4wIKXMDSoASAFQAw%3D%3D<\/a>&nbsp;<\/p>\n\n\n\n<p>Domicilios: <a href=\"https:\/\/www.google.com\/search?q=el+broche+monterrey&amp;oq=el+broche&amp;gs_lcrp=EgZjaHJvbWUqCAgAEEUYJxg7MggIABBFGCcYOzIJCAEQRRg5GIAEMgYIAhBFGEAyGAgDEC4YFBivARjHARiHAhiABBiYBRiZBTIHCAQQABiABDIGCAUQRRg8MgYIBhBFGDwyBggHEEUYPNIBCDI0MTFqMGo0qAIAsAIA&amp;sourceid=chrome&amp;ie=UTF-8#\">320 3500573<\/a>&nbsp;<\/p>\n\n\n\n<p>Redes Sociales: <a href=\"https:\/\/www.facebook.com\/burguerparrilla.regiomontuna\/\">https:\/\/www.facebook.com\/burguerparrilla.regiomontuna\/<\/a>&nbsp;<\/p>\n\n\n\n<ol start=\"5\"><li><strong>Cheos Pizza<\/strong><\/li><\/ol>\n\n\n\n<p>C\u00f3mo llegar:&nbsp; <a href=\"https:\/\/www.google.com\/maps?gs_lcrp=EgZjaHJvbWUyBggAEEUYOTIICAEQABgWGB4yBwgCEAAY7wUyCggDEAAYgAQYogQyBwgEEAAY7wUyCggFEAAYgAQYogTSAQgzNTA1ajBqNKgCALACAA&amp;um=1&amp;ie=UTF-8&amp;fb=1&amp;gl=co&amp;sa=X&amp;geocode=Kd0GLGM602qOMS9h3upY3q6J&amp;daddr=Cra.+11,+Monterrey,+Casanare\">https:\/\/www.google.com\/maps?gs_lcrp=EgZjaHJvbWUyBggAEEUYOTIICAEQABgWGB4yBwgCEAAY7wUyCggDEAAYgAQYogQyBwgEEAAY7wUyCggFEAAYgAQYogTSAQgzNTA1ajBqNKgCALACAA&amp;um=1&amp;ie=UTF-8&amp;fb=1&amp;gl=co&amp;sa=X&amp;geocode=Kd0GLGM602qOMS9h3upY3q6J&amp;daddr=Cra.+11,+Monterrey,+Casanare<\/a>&nbsp;<\/p>\n\n\n\n<p>Domicilios: 3132710541<\/p>\n\n\n\n<p>Redes Sociales: <a href=\"https:\/\/www.facebook.com\/share\/1AYf13zfeL\/?mibextid=wwXIfr\">https:\/\/www.facebook.com\/share\/1AYf13zfeL\/?mibextid=wwXIfr<\/a>&nbsp;<\/p>\n\n\n\n<ol start=\"6\"><li><strong>Coctel Hawaiano Fruteria<\/strong><strong>&nbsp;<\/strong><\/li><\/ol>\n\n\n\n<p>C\u00f3mo llegar:&nbsp; <a href=\"https:\/\/www.google.com\/maps\/dir\/\/Coctel+Hawaiano+Fruteria\/data=!4m6!4m5!1m1!4e2!1m2!1m1!1s0x8e6ad3049d4a01d7:0xce5d436d9eb50d80?sa=X&amp;ved=1t:3061&amp;ictx=111\">https:\/\/www.google.com\/maps\/dir\/\/Coctel+Hawaiano+Fruteria\/data=!4m6!4m5!1m1!4e2!1m2!1m1!1s0x8e6ad3049d4a01d7:0xce5d436d9eb50d80?sa=X&amp;ved=1t:3061&amp;ictx=111<\/a>&nbsp;<\/p>\n\n\n\n<p>Domicilios: <a href=\"https:\/\/www.google.com\/search?q=Coctel+Hawaiano+Fruteria&amp;oq=Coctel+Hawaiano+Fruteria&amp;gs_lcrp=EgZjaHJvbWUyBggAEEUYOTIGCAEQRRg80gEHMzgwajBqNKgCALACAA&amp;sourceid=chrome&amp;ie=UTF-8#\">312 4379583<\/a>&nbsp;<\/p>\n\n\n\n<p>Redes Sociales: <a href=\"https:\/\/www.facebook.com\/coctelhawaiano.fruteria\/\">https:\/\/www.facebook.com\/coctelhawaiano.fruteria\/<\/a>&nbsp;<\/p>\n\n\n\n<p><strong>Nota:<\/strong> El Hotel Montserrat Plaza comparte esta lista de restaurantes con intenci\u00f3n informativa para&nbsp; el turista. Los servicios prestados por estos restaurantes no tienen ning\u00fan v\u00ednculo con el Hotel.&nbsp;<\/p>\n","protected":false},"excerpt":{"rendered":"<p>\u00bfDonde cenar en Monterrey Casanare? Monterrey cuenta con oferta gastron\u00f3mica para disfrutar de una cena ligera o comida rapida. A continuaci\u00f3n les compartimos algunas opciones. De La Casa &#8211; Sabor Artesanal C\u00f3mo llegar: https:\/\/www.google.com\/maps\/dir\/\/Cl.+18+%23No.+13+-+05,+Monterrey,+Casanare\/data=!4m6!4m5!1m1!4e2!1m2!1m1!1s0x8e6ad319b09be25d:0x9594b966c7649430?entry=s&amp;sa=X&nbsp; Domicilios: 3223345553&nbsp; Redes Sociales: https:\/\/www.instagram.com\/delacasa_saborartesanal?igsh=ODQwZ3llNDU2ZHUy&nbsp; Comida r\u00e1pida preparada con ingredientes frescos y de muy alta calidad. La Martina C\u00f3mo llegar:&nbsp; https:\/\/maps.app.goo.gl\/gzNQyXeSgVHov8Dj6?g_st=ic&nbsp; [&hellip;]<\/p>\n","protected":false},"author":1,"featured_media":0,"parent":0,"menu_order":0,"comment_status":"closed","ping_status":"closed","template":"","meta":[],"acf":[],"yoast_head":"<!-- This site is optimized with the Yoast SEO plugin v19.3 - https:\/\/yoast.com\/wordpress\/plugins\/seo\/ -->\n<title>Donde Cenar en Monterrey Casanare? - Hotel Montserrat Plaza<\/title>\n<meta name=\"robots\" content=\"index, follow, max-snippet:-1, max-image-preview:large, max-video-preview:-1\" \/>\n<link rel=\"canonical\" href=\"https:\/\/hotelmontserratplaza.com\/index.php\/donde-cenar-en-monterrey\/\" \/>\n<meta property=\"og:locale\" content=\"en_US\" \/>\n<meta property=\"og:type\" content=\"article\" \/>\n<meta property=\"og:title\" content=\"Donde Cenar en Monterrey Casanare? - Hotel Montserrat Plaza\" \/>\n<meta property=\"og:description\" content=\"\u00bfDonde cenar en Monterrey Casanare? Monterrey cuenta con oferta gastron\u00f3mica para disfrutar de una cena ligera o comida rapida. A continuaci\u00f3n les compartimos algunas opciones. De La Casa &#8211; Sabor Artesanal C\u00f3mo llegar: https:\/\/www.google.com\/maps\/dir\/\/Cl.+18+%23No.+13+-+05,+Monterrey,+Casanare\/data=!4m6!4m5!1m1!4e2!1m2!1m1!1s0x8e6ad319b09be25d:0x9594b966c7649430?entry=s&amp;sa=X&nbsp; Domicilios: 3223345553&nbsp; Redes Sociales: https:\/\/www.instagram.com\/delacasa_saborartesanal?igsh=ODQwZ3llNDU2ZHUy&nbsp; Comida r\u00e1pida preparada con ingredientes frescos y de muy alta calidad. La Martina C\u00f3mo llegar:&nbsp; https:\/\/maps.app.goo.gl\/gzNQyXeSgVHov8Dj6?g_st=ic&nbsp; [&hellip;]\" \/>\n<meta property=\"og:url\" content=\"https:\/\/hotelmontserratplaza.com\/index.php\/donde-cenar-en-monterrey\/\" \/>\n<meta property=\"og:site_name\" content=\"Hotel Montserrat Plaza\" \/>\n<meta property=\"article:modified_time\" content=\"2024-12-28T23:27:20+00:00\" \/>\n<meta name=\"twitter:card\" content=\"summary_large_image\" \/>\n<meta name=\"twitter:label1\" content=\"Est. reading time\" \/>\n\t<meta name=\"twitter:data1\" content=\"1 minute\" \/>\n<script type=\"application\/ld+json\" class=\"yoast-schema-graph\">{\"@context\":\"https:\/\/schema.org\",\"@graph\":[{\"@type\":\"WebSite\",\"@id\":\"https:\/\/hotelmontserratplaza.com\/#website\",\"url\":\"https:\/\/hotelmontserratplaza.com\/\",\"name\":\"Hotel Montserrat Plaza\",\"description\":\"\",\"potentialAction\":[{\"@type\":\"SearchAction\",\"target\":{\"@type\":\"EntryPoint\",\"urlTemplate\":\"https:\/\/hotelmontserratplaza.com\/?s={search_term_string}\"},\"query-input\":\"required name=search_term_string\"}],\"inLanguage\":\"en-US\"},{\"@type\":\"WebPage\",\"@id\":\"https:\/\/hotelmontserratplaza.com\/index.php\/donde-cenar-en-monterrey\/\",\"url\":\"https:\/\/hotelmontserratplaza.com\/index.php\/donde-cenar-en-monterrey\/\",\"name\":\"Donde Cenar en Monterrey Casanare? - Hotel Montserrat Plaza\",\"isPartOf\":{\"@id\":\"https:\/\/hotelmontserratplaza.com\/#website\"},\"datePublished\":\"2023-04-26T03:01:29+00:00\",\"dateModified\":\"2024-12-28T23:27:20+00:00\",\"breadcrumb\":{\"@id\":\"https:\/\/hotelmontserratplaza.com\/index.php\/donde-cenar-en-monterrey\/#breadcrumb\"},\"inLanguage\":\"en-US\",\"potentialAction\":[{\"@type\":\"ReadAction\",\"target\":[\"https:\/\/hotelmontserratplaza.com\/index.php\/donde-cenar-en-monterrey\/\"]}]},{\"@type\":\"BreadcrumbList\",\"@id\":\"https:\/\/hotelmontserratplaza.com\/index.php\/donde-cenar-en-monterrey\/#breadcrumb\",\"itemListElement\":[{\"@type\":\"ListItem\",\"position\":1,\"name\":\"Home\",\"item\":\"https:\/\/hotelmontserratplaza.com\/\"},{\"@type\":\"ListItem\",\"position\":2,\"name\":\"Donde Cenar en Monterrey Casanare?\"}]}]}<\/script>\n<!-- \/ Yoast SEO plugin. -->","yoast_head_json":{"title":"Donde Cenar en Monterrey Casanare? - Hotel Montserrat Plaza","robots":{"index":"index","follow":"follow","max-snippet":"max-snippet:-1","max-image-preview":"max-image-preview:large","max-video-preview":"max-video-preview:-1"},"canonical":"https:\/\/hotelmontserratplaza.com\/index.php\/donde-cenar-en-monterrey\/","og_locale":"en_US","og_type":"article","og_title":"Donde Cenar en Monterrey Casanare? - Hotel Montserrat Plaza","og_description":"\u00bfDonde cenar en Monterrey Casanare? Monterrey cuenta con oferta gastron\u00f3mica para disfrutar de una cena ligera o comida rapida. A continuaci\u00f3n les compartimos algunas opciones. De La Casa &#8211; Sabor Artesanal C\u00f3mo llegar: https:\/\/www.google.com\/maps\/dir\/\/Cl.+18+%23No.+13+-+05,+Monterrey,+Casanare\/data=!4m6!4m5!1m1!4e2!1m2!1m1!1s0x8e6ad319b09be25d:0x9594b966c7649430?entry=s&amp;sa=X&nbsp; Domicilios: 3223345553&nbsp; Redes Sociales: https:\/\/www.instagram.com\/delacasa_saborartesanal?igsh=ODQwZ3llNDU2ZHUy&nbsp; Comida r\u00e1pida preparada con ingredientes frescos y de muy alta calidad. La Martina C\u00f3mo llegar:&nbsp; https:\/\/maps.app.goo.gl\/gzNQyXeSgVHov8Dj6?g_st=ic&nbsp; [&hellip;]","og_url":"https:\/\/hotelmontserratplaza.com\/index.php\/donde-cenar-en-monterrey\/","og_site_name":"Hotel Montserrat Plaza","article_modified_time":"2024-12-28T23:27:20+00:00","twitter_card":"summary_large_image","twitter_misc":{"Est. reading time":"1 minute"},"schema":{"@context":"https:\/\/schema.org","@graph":[{"@type":"WebSite","@id":"https:\/\/hotelmontserratplaza.com\/#website","url":"https:\/\/hotelmontserratplaza.com\/","name":"Hotel Montserrat Plaza","description":"","potentialAction":[{"@type":"SearchAction","target":{"@type":"EntryPoint","urlTemplate":"https:\/\/hotelmontserratplaza.com\/?s={search_term_string}"},"query-input":"required name=search_term_string"}],"inLanguage":"en-US"},{"@type":"WebPage","@id":"https:\/\/hotelmontserratplaza.com\/index.php\/donde-cenar-en-monterrey\/","url":"https:\/\/hotelmontserratplaza.com\/index.php\/donde-cenar-en-monterrey\/","name":"Donde Cenar en Monterrey Casanare? - Hotel Montserrat Plaza","isPartOf":{"@id":"https:\/\/hotelmontserratplaza.com\/#website"},"datePublished":"2023-04-26T03:01:29+00:00","dateModified":"2024-12-28T23:27:20+00:00","breadcrumb":{"@id":"https:\/\/hotelmontserratplaza.com\/index.php\/donde-cenar-en-monterrey\/#breadcrumb"},"inLanguage":"en-US","potentialAction":[{"@type":"ReadAction","target":["https:\/\/hotelmontserratplaza.com\/index.php\/donde-cenar-en-monterrey\/"]}]},{"@type":"BreadcrumbList","@id":"https:\/\/hotelmontserratplaza.com\/index.php\/donde-cenar-en-monterrey\/#breadcrumb","itemListElement":[{"@type":"ListItem","position":1,"name":"Home","item":"https:\/\/hotelmontserratplaza.com\/"},{"@type":"ListItem","position":2,"name":"Donde Cenar en Monterrey Casanare?"}]}]}},"_links":{"self":[{"href":"https:\/\/hotelmontserratplaza.com\/index.php\/wp-json\/wp\/v2\/pages\/148"}],"collection":[{"href":"https:\/\/hotelmontserratplaza.com\/index.php\/wp-json\/wp\/v2\/pages"}],"about":[{"href":"https:\/\/hotelmontserratplaza.com\/index.php\/wp-json\/wp\/v2\/types\/page"}],"author":[{"embeddable":true,"href":"https:\/\/hotelmontserratplaza.com\/index.php\/wp-json\/wp\/v2\/users\/1"}],"replies":[{"embeddable":true,"href":"https:\/\/hotelmontserratplaza.com\/index.php\/wp-json\/wp\/v2\/comments?post=148"}],"version-history":[{"count":7,"href":"https:\/\/hotelmontserratplaza.com\/index.php\/wp-json\/wp\/v2\/pages\/148\/revisions"}],"predecessor-version":[{"id":223,"href":"https:\/\/hotelmontserratplaza.com\/index.php\/wp-json\/wp\/v2\/pages\/148\/revisions\/223"}],"wp:attachment":[{"href":"https:\/\/hotelmontserratplaza.com\/index.php\/wp-json\/wp\/v2\/media?parent=148"}],"curies":[{"name":"wp","href":"https:\/\/api.w.org\/{rel}","templated":true}]}}